{"id":313,"date":"2019-04-29T14:41:21","date_gmt":"2019-04-29T12:41:21","guid":{"rendered":"http:\/\/157.230.103.74\/?page_id=313"},"modified":"2024-05-27T14:39:44","modified_gmt":"2024-05-27T12:39:44","slug":"ueber-uns","status":"publish","type":"page","link":"https:\/\/klemmrae.at\/en\/ueber-uns\/","title":{"rendered":"\u00dcber Uns"},"content":{"rendered":"<div id=\"cs-content\" class=\"cs-content\" >\n<div class=\"e313-1 x-section\" id=\"ueberuns-hero\" >\n    \n<div class=\"x-bg\" aria-hidden=\"true\" >\n  <div class=\"x-bg-layer-lower-image\" style=\" background-image: url(https:\/\/klemmrae.at\/wp-content\/uploads\/2019\/05\/ueberuns_header_new.jpg); background-repeat: no-repeat; background-position: center; background-size: cover;\" ><\/div>  <div class=\"x-bg-layer-upper-color\" style=\" background-color: rgba(19, 42, 61, 0.3);\" ><\/div><\/div>\n  \n<div class=\"e313-2 x-container max width\" >\n    \n<div class=\"e313-3 x-column x-sm x-1-1\" >\n    \n<div class=\"e313-4 x-text x-text-headline\" >\n  <div class=\"x-text-content\"><div class=\"x-text-content-text\"><h1 class=\"x-text-content-text-primary\">ABOUT US<\/h1><\/div><\/div><\/div>\n<\/div>\n<\/div>\n  <\/div>\n\n<div class=\"e313-5 x-section\" id=\"value-row\" >\n      \n<div class=\"e313-6 x-container max width\" >\n    \n<div class=\"e313-7 x-column x-sm x-1-1\" >\n    \n<div class=\"e313-8 x-text\" >\n  <h4 class=\"alternate-headline\"> WHAT WE STAND FOR<\/h4><\/div>\n<\/div>\n<\/div>\n\n<div class=\"e313-9 x-container max width marginless-columns\" id=\"statement-row\" >\n    \n<div class=\"e313-10 x-column x-sm x-1-3\" >\n    \n<div class=\"e313-11 x-text fancy-copy\" >\n  strong commitment to superior standards, along with our small, highly experienced team of experts, in order to react swiftly to our clients\u2019 needs;\n<\/div>\n<\/div>\n\n<div class=\"e313-12 x-column x-sm x-1-3\" >\n    \n<div class=\"e313-13 x-text fancy-copy\" >\n  valuing our clients and partners alike \u2013 we continuously strive to understand both their business policy as well as their business;\n<\/div>\n<\/div>\n\n<div class=\"e313-14 x-column x-sm x-1-3\" >\n    \n<div class=\"e313-15 x-text fancy-copy\" >\n  with our firm\u2019s lean organizational structures that enable us to deliver effective solutions while, at the same time, meeting our clients\u2019 cost awareness.<\/div>\n<\/div>\n<\/div>\n  <\/div>\n\n<div class=\"e313-16 x-section grey-gradient\" id=\"client-section\" >\n      \n<div class=\"e313-17 x-container max width\" >\n    \n<div class=\"e313-18 x-column x-sm x-1-1\" >\n    \n<div class=\"e313-19 x-text\" >\n  <h4 class=\"alternate-headline\"> OUR CLIENTS ARE<\/h4><\/div>\n<\/div>\n<\/div>\n\n<div class=\"e313-20 x-container max width\" >\n    \n<div class=\"e313-21 x-column x-sm x-1-2\" >\n    \n<span class=\"e313-22 x-image\" >\n  <img alt=\"internationale und nationale Wirtschaftskonzerne\" src=\"https:\/\/klemmrae.at\/wp-content\/uploads\/2019\/04\/konzerne.jpg\" width=\"954\" height=\"700\" >\n<\/span>\n<\/div>\n\n<div class=\"e313-23 x-column x-sm x-1-2\" >\n    \n<div class=\"e313-24 x-text x-text-headline\" >\n  <div class=\"x-text-content\"><div class=\"x-text-content-text\"><h3 class=\"x-text-content-text-primary\">international <br>\nand national <br> business groups \n\n<div class=\"imageline-left\">\n<\/div><\/h3><\/div><\/div><\/div>\n<\/div>\n<\/div>\n\n<div class=\"e313-25 x-container max width swapcolumns\" >\n    \n<div class=\"e313-26 x-column x-sm x-1-2\" >\n    \n<div class=\"e313-27 x-text x-text-headline\" >\n  <div class=\"x-text-content\"><div class=\"x-text-content-text\"><h3 class=\"x-text-content-text-primary\">small and <br>\nmedium Enterprises\n\n<div class=\"imageline-right\">\n<\/div><\/h3><\/div><\/div><\/div>\n<\/div>\n\n<div class=\"e313-28 x-column x-sm x-1-2\" >\n    \n<span class=\"e313-29 x-image\" >\n  <img alt=\"Klein- und Mittelunternehmen\" src=\"https:\/\/klemmrae.at\/wp-content\/uploads\/2019\/04\/kmus.jpg\" width=\"943\" height=\"700\" >\n<\/span>\n<\/div>\n<\/div>\n\n<div class=\"e313-30 x-container max width\" >\n    \n<div class=\"e313-31 x-column x-sm x-1-2\" >\n    \n<span class=\"e313-32 x-image\" >\n  <img alt=\"EinzelunternehmerInnen\" src=\"https:\/\/klemmrae.at\/wp-content\/uploads\/2019\/04\/einzelunternehmer.jpg\" width=\"952\" height=\"700\" >\n<\/span>\n<\/div>\n\n<div class=\"e313-33 x-column x-sm x-1-2\" >\n    \n<div class=\"e313-34 x-text x-text-headline\" >\n  <div class=\"x-text-content\"><div class=\"x-text-content-text\"><h3 class=\"x-text-content-text-primary\">as well as <br>\nsole proprietors\n\n<div class=\"imageline-left\">\n<\/div><\/h3><\/div><\/div><\/div>\n<\/div>\n<\/div>\n  <\/div>\n\n<div class=\"e313-35 x-section\" >\n      \n<div class=\"e313-36 x-container max width\" >\n    \n<div class=\"e313-37 x-column x-sm x-1-1\" >\n    \n<div class=\"e313-38 x-text\" >\n  <h4 class=\"alternate-headline\"> WE ARE THERE FOR YOU<\/h4><\/div>\n\n<a class=\"e313-39 x-anchor x-anchor-button custom-btn\" tabindex=\"0\" href=\"https:\/\/klemmrae.at\/en\/fachgebiete\/\" >\n\n  \n  <div class=\"x-anchor-content\">\n    \n<span class=\"x-graphic\" aria-hidden=\"true\" >\n\n  \n<span class=\"e313-39 x-image x-graphic-image x-graphic-primary\" >\n  <img alt=\"Image\" src=\"https:\/\/klemmrae.at\/wp-content\/uploads\/2019\/04\/arrow_right.png\" width=\"44\" height=\"78\" >\n<\/span>\n\n<\/span>\n    <div class=\"x-anchor-text\"><span class=\"x-anchor-text-primary\" >SEE OUR AREAS OF EXPERTISE<\/span><\/div>      <\/div>\n\n    \n  \n<\/a>\n<\/div>\n<\/div>\n  <\/div>\n<\/div>","protected":false},"excerpt":{"rendered":"<p>\u00dcBER UNS WOF\u00dcR WIR STEHEN mit einem starken Engagement unseres sehr erfahrenen Teams, f\u00fcr die bestm\u00f6gliche Betreuung unserer Klienten zu sorgen; unsere Klienten und Partner nicht nur zu sch\u00e4tzen, sondern stets anzustreben, sowohl ihre Gesch\u00e4ftspolitik als auch ihr Business zu verstehen; mit schlanken Organisationsstrukturen dem Kostenbewusstsein der Klienten optimal zu entsprechen. WER UNSERE KLIENTEN SIND internationale und nationale Wirtschaftskonzerne Klein- &#8230; <\/p>\n<div><a href=\"https:\/\/klemmrae.at\/en\/ueber-uns\/\" class=\"more-link\">Read More<\/a><\/div>","protected":false},"author":1,"featured_media":0,"parent":0,"menu_order":0,"comment_status":"closed","ping_status":"closed","template":"template-blank-4.php","meta":[],"acf":[],"yoast_head":"<!-- This site is optimized with the Yoast SEO plugin v18.5.1 - https:\/\/yoast.com\/wordpress\/plugins\/seo\/ -->\n<title>\u00dcber Uns - Klemm &amp; Koutny<\/title>\n<meta name=\"robots\" content=\"index, follow, max-snippet:-1, max-image-preview:large, max-video-preview:-1\" \/>\n<link rel=\"canonical\" href=\"https:\/\/klemmrae.at\/en\/ueber-uns\/\" \/>\n<meta property=\"og:locale\" content=\"en_GB\" \/>\n<meta property=\"og:type\" content=\"article\" \/>\n<meta property=\"og:title\" content=\"\u00dcber Uns - Klemm &amp; Koutny\" \/>\n<meta property=\"og:description\" content=\"\u00dcBER UNS WOF\u00dcR WIR STEHEN mit einem starken Engagement unseres sehr erfahrenen Teams, f\u00fcr die bestm\u00f6gliche Betreuung unserer Klienten zu sorgen; unsere Klienten und Partner nicht nur zu sch\u00e4tzen, sondern stets anzustreben, sowohl ihre Gesch\u00e4ftspolitik als auch ihr Business zu verstehen; mit schlanken Organisationsstrukturen dem Kostenbewusstsein der Klienten optimal zu entsprechen. WER UNSERE KLIENTEN SIND internationale und nationale Wirtschaftskonzerne Klein- ... Read More\" \/>\n<meta property=\"og:url\" content=\"https:\/\/klemmrae.at\/en\/ueber-uns\/\" \/>\n<meta property=\"og:site_name\" content=\"Klemm &amp; Koutny\" \/>\n<meta property=\"article:modified_time\" content=\"2024-05-27T12:39:44+00:00\" \/>\n<meta property=\"og:image\" content=\"https:\/\/klemmrae.at\/wp-content\/uploads\/2023\/06\/FaviconKlemm.png\" \/>\n\t<meta property=\"og:image:width\" content=\"512\" \/>\n\t<meta property=\"og:image:height\" content=\"512\" \/>\n\t<meta property=\"og:image:type\" content=\"image\/png\" \/>\n<meta name=\"twitter:card\" content=\"summary_large_image\" \/>\n<meta name=\"twitter:image\" content=\"https:\/\/klemmrae.at\/wp-content\/uploads\/2023\/06\/FaviconKlemm.png\" \/>\n<meta name=\"twitter:label1\" content=\"Estimated reading time\" \/>\n\t<meta name=\"twitter:data1\" content=\"1 minute\" \/>\n<script type=\"application\/ld+json\" class=\"yoast-schema-graph\">{\"@context\":\"https:\/\/schema.org\",\"@graph\":[{\"@type\":\"WebSite\",\"@id\":\"https:\/\/klemmrae.at\/#website\",\"url\":\"https:\/\/klemmrae.at\/\",\"name\":\"Klemm &amp; Koutny\",\"description\":\"mit uns haben Sie Recht\",\"potentialAction\":[{\"@type\":\"SearchAction\",\"target\":{\"@type\":\"EntryPoint\",\"urlTemplate\":\"https:\/\/klemmrae.at\/?s={search_term_string}\"},\"query-input\":\"required name=search_term_string\"}],\"inLanguage\":\"en-GB\"},{\"@type\":\"ImageObject\",\"@id\":\"https:\/\/klemmrae.at\/ueber-uns\/#primaryimage\",\"inLanguage\":\"en-GB\",\"url\":\"https:\/\/klemmrae.at\/wp-content\/uploads\/2023\/06\/FaviconKlemm.png\",\"contentUrl\":\"https:\/\/klemmrae.at\/wp-content\/uploads\/2023\/06\/FaviconKlemm.png\",\"width\":512,\"height\":512},{\"@type\":\"WebPage\",\"@id\":\"https:\/\/klemmrae.at\/ueber-uns\/#webpage\",\"url\":\"https:\/\/klemmrae.at\/ueber-uns\/\",\"name\":\"\u00dcber Uns - Klemm &amp; Koutny\",\"isPartOf\":{\"@id\":\"https:\/\/klemmrae.at\/#website\"},\"primaryImageOfPage\":{\"@id\":\"https:\/\/klemmrae.at\/ueber-uns\/#primaryimage\"},\"datePublished\":\"2019-04-29T12:41:21+00:00\",\"dateModified\":\"2024-05-27T12:39:44+00:00\",\"breadcrumb\":{\"@id\":\"https:\/\/klemmrae.at\/ueber-uns\/#breadcrumb\"},\"inLanguage\":\"en-GB\",\"potentialAction\":[{\"@type\":\"ReadAction\",\"target\":[\"https:\/\/klemmrae.at\/ueber-uns\/\"]}]},{\"@type\":\"BreadcrumbList\",\"@id\":\"https:\/\/klemmrae.at\/ueber-uns\/#breadcrumb\",\"itemListElement\":[{\"@type\":\"ListItem\",\"position\":1,\"name\":\"Startseite\",\"item\":\"https:\/\/klemmrae.at\/\"},{\"@type\":\"ListItem\",\"position\":2,\"name\":\"\u00dcber Uns\"}]}]}<\/script>\n<!-- \/ Yoast SEO plugin. -->","yoast_head_json":{"title":"\u00dcber Uns - Klemm &amp; Koutny","robots":{"index":"index","follow":"follow","max-snippet":"max-snippet:-1","max-image-preview":"max-image-preview:large","max-video-preview":"max-video-preview:-1"},"canonical":"https:\/\/klemmrae.at\/en\/ueber-uns\/","og_locale":"en_GB","og_type":"article","og_title":"\u00dcber Uns - Klemm &amp; Koutny","og_description":"\u00dcBER UNS WOF\u00dcR WIR STEHEN mit einem starken Engagement unseres sehr erfahrenen Teams, f\u00fcr die bestm\u00f6gliche Betreuung unserer Klienten zu sorgen; unsere Klienten und Partner nicht nur zu sch\u00e4tzen, sondern stets anzustreben, sowohl ihre Gesch\u00e4ftspolitik als auch ihr Business zu verstehen; mit schlanken Organisationsstrukturen dem Kostenbewusstsein der Klienten optimal zu entsprechen. WER UNSERE KLIENTEN SIND internationale und nationale Wirtschaftskonzerne Klein- ... Read More","og_url":"https:\/\/klemmrae.at\/en\/ueber-uns\/","og_site_name":"Klemm &amp; Koutny","article_modified_time":"2024-05-27T12:39:44+00:00","og_image":[{"width":512,"height":512,"url":"https:\/\/klemmrae.at\/wp-content\/uploads\/2023\/06\/FaviconKlemm.png","type":"image\/png"}],"twitter_card":"summary_large_image","twitter_image":"https:\/\/klemmrae.at\/wp-content\/uploads\/2023\/06\/FaviconKlemm.png","twitter_misc":{"Estimated reading time":"1 minute"},"schema":{"@context":"https:\/\/schema.org","@graph":[{"@type":"WebSite","@id":"https:\/\/klemmrae.at\/#website","url":"https:\/\/klemmrae.at\/","name":"Klemm &amp; Koutny","description":"mit uns haben Sie Recht","potentialAction":[{"@type":"SearchAction","target":{"@type":"EntryPoint","urlTemplate":"https:\/\/klemmrae.at\/?s={search_term_string}"},"query-input":"required name=search_term_string"}],"inLanguage":"en-GB"},{"@type":"ImageObject","@id":"https:\/\/klemmrae.at\/ueber-uns\/#primaryimage","inLanguage":"en-GB","url":"https:\/\/klemmrae.at\/wp-content\/uploads\/2023\/06\/FaviconKlemm.png","contentUrl":"https:\/\/klemmrae.at\/wp-content\/uploads\/2023\/06\/FaviconKlemm.png","width":512,"height":512},{"@type":"WebPage","@id":"https:\/\/klemmrae.at\/ueber-uns\/#webpage","url":"https:\/\/klemmrae.at\/ueber-uns\/","name":"\u00dcber Uns - Klemm &amp; Koutny","isPartOf":{"@id":"https:\/\/klemmrae.at\/#website"},"primaryImageOfPage":{"@id":"https:\/\/klemmrae.at\/ueber-uns\/#primaryimage"},"datePublished":"2019-04-29T12:41:21+00:00","dateModified":"2024-05-27T12:39:44+00:00","breadcrumb":{"@id":"https:\/\/klemmrae.at\/ueber-uns\/#breadcrumb"},"inLanguage":"en-GB","potentialAction":[{"@type":"ReadAction","target":["https:\/\/klemmrae.at\/ueber-uns\/"]}]},{"@type":"BreadcrumbList","@id":"https:\/\/klemmrae.at\/ueber-uns\/#breadcrumb","itemListElement":[{"@type":"ListItem","position":1,"name":"Startseite","item":"https:\/\/klemmrae.at\/"},{"@type":"ListItem","position":2,"name":"\u00dcber Uns"}]}]}},"_links":{"self":[{"href":"https:\/\/klemmrae.at\/en\/wp-json\/wp\/v2\/pages\/313"}],"collection":[{"href":"https:\/\/klemmrae.at\/en\/wp-json\/wp\/v2\/pages"}],"about":[{"href":"https:\/\/klemmrae.at\/en\/wp-json\/wp\/v2\/types\/page"}],"author":[{"embeddable":true,"href":"https:\/\/klemmrae.at\/en\/wp-json\/wp\/v2\/users\/1"}],"replies":[{"embeddable":true,"href":"https:\/\/klemmrae.at\/en\/wp-json\/wp\/v2\/comments?post=313"}],"version-history":[{"count":2,"href":"https:\/\/klemmrae.at\/en\/wp-json\/wp\/v2\/pages\/313\/revisions"}],"predecessor-version":[{"id":437,"href":"https:\/\/klemmrae.at\/en\/wp-json\/wp\/v2\/pages\/313\/revisions\/437"}],"wp:attachment":[{"href":"https:\/\/klemmrae.at\/en\/wp-json\/wp\/v2\/media?parent=313"}],"curies":[{"name":"wp","href":"https:\/\/api.w.org\/{rel}","templated":true}]}}